{"id":251,"date":"2022-08-30T19:56:20","date_gmt":"2022-08-30T19:56:20","guid":{"rendered":"https:\/\/stucadoorsbedrijf-weterholt.nl\/new\/?page_id=251"},"modified":"2022-09-25T09:38:33","modified_gmt":"2022-09-25T09:38:33","slug":"restauratie","status":"publish","type":"page","link":"https:\/\/stucadoorsbedrijf-weterholt.nl\/?page_id=251","title":{"rendered":"Restauratie"},"content":{"rendered":"\n<h2 class=\"wp-block-heading\">Restauratie<\/h2>\n\n\n\n<div class=\"wp-block-cover\" style=\"min-height:271px;aspect-ratio:unset;\"><span aria-hidden=\"true\" class=\"wp-block-cover__background has-nv-light-bg-background-color has-background-dim\"><\/span><div class=\"wp-block-cover__inner-container is-layout-flow wp-block-cover-is-layout-flow\">\n<figure class=\"wp-block-gallery has-nested-images columns-5 is-cropped wp-block-gallery-1 is-layout-flex wp-block-gallery-is-layout-flex\">\n<figure class=\"wp-block-image size-full is-style-default\"><img loading=\"lazy\" decoding=\"async\" width=\"680\" height=\"680\" data-id=\"293\" src=\"https:\/\/stucadoorsbedrijf-weterholt.nl\/new\/wp-content\/uploads\/2022\/09\/Klassiek_ornament-680x680-1.jpg\" alt=\"\" class=\"wp-image-293\" srcset=\"https:\/\/stucadoorsbedrijf-weterholt.nl\/wp-content\/uploads\/2022\/09\/Klassiek_ornament-680x680-1.jpg 680w, https:\/\/stucadoorsbedrijf-weterholt.nl\/wp-content\/uploads\/2022\/09\/Klassiek_ornament-680x680-1-300x300.jpg 300w, https:\/\/stucadoorsbedrijf-weterholt.nl\/wp-content\/uploads\/2022\/09\/Klassiek_ornament-680x680-1-150x150.jpg 150w\" sizes=\"auto, (max-width: 680px) 100vw, 680px\" \/><\/figure>\n\n\n\n<figure class=\"wp-block-image size-full\"><img loading=\"lazy\" decoding=\"async\" width=\"2016\" height=\"908\" data-id=\"292\" src=\"https:\/\/stucadoorsbedrijf-weterholt.nl\/new\/wp-content\/uploads\/2022\/09\/PHOTO-2022-08-30-19-34-06.jpg\" alt=\"\" class=\"wp-image-292\" srcset=\"https:\/\/stucadoorsbedrijf-weterholt.nl\/wp-content\/uploads\/2022\/09\/PHOTO-2022-08-30-19-34-06.jpg 2016w, https:\/\/stucadoorsbedrijf-weterholt.nl\/wp-content\/uploads\/2022\/09\/PHOTO-2022-08-30-19-34-06-300x135.jpg 300w, https:\/\/stucadoorsbedrijf-weterholt.nl\/wp-content\/uploads\/2022\/09\/PHOTO-2022-08-30-19-34-06-1024x461.jpg 1024w, https:\/\/stucadoorsbedrijf-weterholt.nl\/wp-content\/uploads\/2022\/09\/PHOTO-2022-08-30-19-34-06-768x346.jpg 768w, https:\/\/stucadoorsbedrijf-weterholt.nl\/wp-content\/uploads\/2022\/09\/PHOTO-2022-08-30-19-34-06-1536x692.jpg 1536w\" sizes=\"auto, (max-width: 2016px) 100vw, 2016px\" \/><\/figure>\n\n\n\n<figure class=\"wp-block-image size-full\"><img loading=\"lazy\" decoding=\"async\" width=\"2016\" height=\"908\" data-id=\"291\" src=\"https:\/\/stucadoorsbedrijf-weterholt.nl\/new\/wp-content\/uploads\/2022\/09\/PHOTO-2022-08-30-19-34-06-3.jpg\" alt=\"\" class=\"wp-image-291\" srcset=\"https:\/\/stucadoorsbedrijf-weterholt.nl\/wp-content\/uploads\/2022\/09\/PHOTO-2022-08-30-19-34-06-3.jpg 2016w, https:\/\/stucadoorsbedrijf-weterholt.nl\/wp-content\/uploads\/2022\/09\/PHOTO-2022-08-30-19-34-06-3-300x135.jpg 300w, https:\/\/stucadoorsbedrijf-weterholt.nl\/wp-content\/uploads\/2022\/09\/PHOTO-2022-08-30-19-34-06-3-1024x461.jpg 1024w, https:\/\/stucadoorsbedrijf-weterholt.nl\/wp-content\/uploads\/2022\/09\/PHOTO-2022-08-30-19-34-06-3-768x346.jpg 768w, https:\/\/stucadoorsbedrijf-weterholt.nl\/wp-content\/uploads\/2022\/09\/PHOTO-2022-08-30-19-34-06-3-1536x692.jpg 1536w\" sizes=\"auto, (max-width: 2016px) 100vw, 2016px\" \/><\/figure>\n\n\n\n<figure class=\"wp-block-image size-full\"><img loading=\"lazy\" decoding=\"async\" width=\"2016\" height=\"908\" data-id=\"290\" src=\"https:\/\/stucadoorsbedrijf-weterholt.nl\/new\/wp-content\/uploads\/2022\/09\/PHOTO-2022-08-30-19-34-06-2.jpg\" alt=\"\" class=\"wp-image-290\" srcset=\"https:\/\/stucadoorsbedrijf-weterholt.nl\/wp-content\/uploads\/2022\/09\/PHOTO-2022-08-30-19-34-06-2.jpg 2016w, https:\/\/stucadoorsbedrijf-weterholt.nl\/wp-content\/uploads\/2022\/09\/PHOTO-2022-08-30-19-34-06-2-300x135.jpg 300w, https:\/\/stucadoorsbedrijf-weterholt.nl\/wp-content\/uploads\/2022\/09\/PHOTO-2022-08-30-19-34-06-2-1024x461.jpg 1024w, https:\/\/stucadoorsbedrijf-weterholt.nl\/wp-content\/uploads\/2022\/09\/PHOTO-2022-08-30-19-34-06-2-768x346.jpg 768w, https:\/\/stucadoorsbedrijf-weterholt.nl\/wp-content\/uploads\/2022\/09\/PHOTO-2022-08-30-19-34-06-2-1536x692.jpg 1536w\" sizes=\"auto, (max-width: 2016px) 100vw, 2016px\" \/><\/figure>\n\n\n\n<figure class=\"wp-block-image size-full\"><img loading=\"lazy\" decoding=\"async\" width=\"2016\" height=\"908\" data-id=\"289\" src=\"https:\/\/stucadoorsbedrijf-weterholt.nl\/new\/wp-content\/uploads\/2022\/09\/PHOTO-2022-08-30-19-34-06-1.jpg\" alt=\"\" class=\"wp-image-289\" srcset=\"https:\/\/stucadoorsbedrijf-weterholt.nl\/wp-content\/uploads\/2022\/09\/PHOTO-2022-08-30-19-34-06-1.jpg 2016w, https:\/\/stucadoorsbedrijf-weterholt.nl\/wp-content\/uploads\/2022\/09\/PHOTO-2022-08-30-19-34-06-1-300x135.jpg 300w, https:\/\/stucadoorsbedrijf-weterholt.nl\/wp-content\/uploads\/2022\/09\/PHOTO-2022-08-30-19-34-06-1-1024x461.jpg 1024w, https:\/\/stucadoorsbedrijf-weterholt.nl\/wp-content\/uploads\/2022\/09\/PHOTO-2022-08-30-19-34-06-1-768x346.jpg 768w, https:\/\/stucadoorsbedrijf-weterholt.nl\/wp-content\/uploads\/2022\/09\/PHOTO-2022-08-30-19-34-06-1-1536x692.jpg 1536w\" sizes=\"auto, (max-width: 2016px) 100vw, 2016px\" \/><\/figure>\n<\/figure>\n\n\n\n<p class=\"has-text-align-center has-large-font-size\"><\/p>\n<\/div><\/div>\n\n\n\n<div class=\"wp-block-cover\"><span aria-hidden=\"true\" class=\"wp-block-cover__background has-nv-dark-bg-background-color has-background-dim-100 has-background-dim\"><\/span><div class=\"wp-block-cover__inner-container is-layout-flow wp-block-cover-is-layout-flow\">\n<div class=\"wp-block-columns is-layout-flex wp-container-core-columns-is-layout-9d6595d7 wp-block-columns-is-layout-flex\">\n<div class=\"wp-block-column is-layout-flow wp-block-column-is-layout-flow\">\n<h3 class=\"wp-block-heading\">Geschiedenis<\/h3>\n\n\n\n<p>Vanaf de tweede helft van de 19e eeuw tot in het tweede kwart van de 20ste eeuw was de firma Silberling &amp; Co \u00e9\u00e9n van de grootste aanbieders van ornamenten in Nederland. Op industri\u00eble schaal werden mallen vervaardigd en op bestelling afgegoten en ter plaatse bezorgd.<\/p>\n\n\n\n<h3 class=\"wp-block-heading\">Boetseren<\/h3>\n\n\n\n<p>Boetseren van klassieke ornamenten, het repareren en aanhelen van authentiek lijstwerk, het maken van bijpassende mallen, en het herstellen van scheuren en verzakte plafonds.<\/p>\n\n\n\n<h3 class=\"wp-block-heading\">Stucanet<\/h3>\n\n\n\n<p>De ideale drager voor perfect pleisterwerk in binnen- en buitentoepassingen<br>Ben je op zoek naar de ideale pleisterdrager voor perfect stukadoorswerk, in binnen- en buitentoepassingen?<br>Dan is Bekaert Stucanet\u00ae\ufe0f de oplossing.<br>Stucanet\u00ae\ufe0f is een paneel uit gelast gaas van verzinkte of roestvaste staaldraden.<br>Tussen de staaldraden zit een geperforeerd vochtabsorberend karton. De perforaties<br>laten toe dat de mortel zich rond de staaldraden vasthecht, en sterk verankerd wordt.<br>Je kan Stucanet\u00ae\ufe0f als pleisterdrager gebruiken<br>voor alle soorten stukadoorswerken, in binnen-<br>en buitentoepassing. Zowel gips-, kalk-, kalkcement- als cementmortels kunnen worden gebruikt. Bepleisteren kan zowel machinaal als manueel.<br>Stucanet\u00ae\ufe0f is gemakkelijk te monteren en kan gebruikt worden op zowel vlakke ondergronden als op houten draagskeletten of metalen profielen.<\/p>\n\n\n\n<p><strong>Nadeel: <\/strong>kost meer tijd om het aan te brengen<\/p>\n\n\n\n<p><strong>Voordeel: <\/strong>kwalitatief beter, steviger en minder kans op scheuren.<\/p>\n\n\n\n<p><\/p>\n<\/div>\n<\/div>\n<\/div><\/div>\n","protected":false},"excerpt":{"rendered":"<p>Restauratie<\/p>\n","protected":false},"author":1,"featured_media":0,"parent":0,"menu_order":0,"comment_status":"closed","ping_status":"closed","template":"","meta":{"neve_meta_sidebar":"full-width","neve_meta_container":"contained","neve_meta_enable_content_width":"","neve_meta_content_width":70,"neve_meta_title_alignment":"","neve_meta_author_avatar":"","neve_post_elements_order":"","neve_meta_disable_header":"off","neve_meta_disable_footer":"","neve_meta_disable_title":"on","footnotes":""},"class_list":["post-251","page","type-page","status-publish","hentry"],"_links":{"self":[{"href":"https:\/\/stucadoorsbedrijf-weterholt.nl\/index.php?rest_route=\/wp\/v2\/pages\/251","targetHints":{"allow":["GET"]}}],"collection":[{"href":"https:\/\/stucadoorsbedrijf-weterholt.nl\/index.php?rest_route=\/wp\/v2\/pages"}],"about":[{"href":"https:\/\/stucadoorsbedrijf-weterholt.nl\/index.php?rest_route=\/wp\/v2\/types\/page"}],"author":[{"embeddable":true,"href":"https:\/\/stucadoorsbedrijf-weterholt.nl\/index.php?rest_route=\/wp\/v2\/users\/1"}],"replies":[{"embeddable":true,"href":"https:\/\/stucadoorsbedrijf-weterholt.nl\/index.php?rest_route=%2Fwp%2Fv2%2Fcomments&post=251"}],"version-history":[{"count":6,"href":"https:\/\/stucadoorsbedrijf-weterholt.nl\/index.php?rest_route=\/wp\/v2\/pages\/251\/revisions"}],"predecessor-version":[{"id":349,"href":"https:\/\/stucadoorsbedrijf-weterholt.nl\/index.php?rest_route=\/wp\/v2\/pages\/251\/revisions\/349"}],"wp:attachment":[{"href":"https:\/\/stucadoorsbedrijf-weterholt.nl\/index.php?rest_route=%2Fwp%2Fv2%2Fmedia&parent=251"}],"curies":[{"name":"wp","href":"https:\/\/api.w.org\/{rel}","templated":true}]}}